{"id":1313,"date":"2023-06-21T21:00:14","date_gmt":"2023-06-21T19:00:14","guid":{"rendered":"https:\/\/padel.fapostolsantiago.org\/?page_id=1313"},"modified":"2024-02-26T01:53:00","modified_gmt":"2024-02-26T00:53:00","slug":"resultados-grupo-03","status":"publish","type":"page","link":"https:\/\/padelfem25r1.fapostolsantiago.org\/index.php\/partidos-resultados-todos\/resultados-grupo-03\/","title":{"rendered":"Resultados Grupo 03"},"content":{"rendered":"<div class=\"sportspress sp-widget-align-none\"><div class=\"sp-template sp-template-event-list\">\n\t\t\t<h4 class=\"sp-table-caption\">Grupo 03<\/h4>\n\t\t<div class=\"sp-table-wrapper\">\n\t\t<table class=\"sp-event-list sp-event-list-format-title sp-data-table\n\t\t\t\t\t\t\t\t\t\t\t\t\t\t\t\t\t\t\t\t sp-paginated-table\n\t\t\t\t\t\t\t\t\t\t\t\t\t\t\t\t\t\t \t\t\t sp-sortable-table\n\t\t\t\t\t\t\t\t\t\t\t\t\t\t\t\t\t\t  sp-responsive-table eventlist_69e0ed5ea826e\t\t\t\t\t\t\t\t\t\t\t\t\t sp-scrollable-table \" data-sp-rows=\"10\">\n\t\t\t<thead>\n\t\t\t\t<tr>\n\t\t\t\t\t<th class=\"data-date\">Fecha<\/th><th class=\"data-event\">Evento<\/th><th class=\"data-league\">Liga<\/th><th class=\"data-season\">temporada<\/th><th style=\"display:none;\" class=\"data-venue\">estadio<\/th><th class=\"data-article\">art\u00edculo<\/th>\t\t\t\t<\/tr>\n\t\t\t<\/thead>\n\t\t\t<tbody>\n\t\t\t\t<tr class=\"sp-row sp-post alternate sp-row-no-0\" itemscope itemtype=\"http:\/\/schema.org\/SportsEvent\"><td class=\"data-date\" itemprop=\"startDate\" content=\"0025-01-19T00:00-00:14\" data-label=\"Fecha\"><a href=\"https:\/\/padelfem25r1.fapostolsantiago.org\/index.php\/event\/7274\/\" itemprop=\"url\"><date>0025-01-19 00:00:00<\/date>enero 19, 0025<\/a><\/td><td class=\"data-event\" data-label=\"Evento\"><a href=\"https:\/\/padelfem25r1.fapostolsantiago.org\/index.php\/event\/7274\/\"> 26 &#8211; ISABEL S.(47687) \/MAR\u00cdA JES\u00daS S.(47841) vs 23 - MAR\u00cdA R.(15681) \/TERESA R.(15682)<\/a><\/td><td class=\"data-league\" data-label=\"Liga\">Grupo 03<\/td><td class=\"data-season\" data-label=\"temporada\">Ronda 1<\/td><td style=\"display:none;\" class=\"data-venue\" data-label=\"estadio\" itemprop=\"location\" itemscope itemtype=\"http:\/\/schema.org\/Place\"><div itemprop=\"address\" itemscope itemtype=\"http:\/\/schema.org\/PostalAddress\">N\/A<\/div><\/td><td class=\"data-article\" data-label=\"art\u00edculo\"><a href=\"https:\/\/padelfem25r1.fapostolsantiago.org\/index.php\/event\/7274\/\" itemprop=\"url\">Resumen<\/a><\/td><\/tr><tr class=\"sp-row sp-post sp-row-no-1\" itemscope itemtype=\"http:\/\/schema.org\/SportsEvent\"><td class=\"data-date\" itemprop=\"startDate\" content=\"0025-02-21T00:00-00:14\" data-label=\"Fecha\"><a href=\"https:\/\/padelfem25r1.fapostolsantiago.org\/index.php\/event\/7279\/\" itemprop=\"url\"><date>0025-02-21 00:00:00<\/date>febrero 21, 0025<\/a><\/td><td class=\"data-event\" data-label=\"Evento\"><a href=\"https:\/\/padelfem25r1.fapostolsantiago.org\/index.php\/event\/7279\/\"> 26 &#8211; ISABEL S.(47687) \/MAR\u00cdA JES\u00daS S.(47841) vs 27 - MARTA I.(47821) \/NURIA P.(96668)<\/a><\/td><td class=\"data-league\" data-label=\"Liga\">Grupo 03<\/td><td class=\"data-season\" data-label=\"temporada\">Ronda 1<\/td><td style=\"display:none;\" class=\"data-venue\" data-label=\"estadio\" itemprop=\"location\" itemscope itemtype=\"http:\/\/schema.org\/Place\"><div itemprop=\"address\" itemscope itemtype=\"http:\/\/schema.org\/PostalAddress\">N\/A<\/div><\/td><td class=\"data-article\" data-label=\"art\u00edculo\"><a href=\"https:\/\/padelfem25r1.fapostolsantiago.org\/index.php\/event\/7279\/\" itemprop=\"url\">Resumen<\/a><\/td><\/tr><tr class=\"sp-row sp-post alternate sp-row-no-2\" itemscope itemtype=\"http:\/\/schema.org\/SportsEvent\"><td class=\"data-date\" itemprop=\"startDate\" content=\"0025-02-26T00:00-00:14\" data-label=\"Fecha\"><a href=\"https:\/\/padelfem25r1.fapostolsantiago.org\/index.php\/event\/7282\/\" itemprop=\"url\"><date>0025-02-26 00:00:00<\/date>febrero 26, 0025<\/a><\/td><td class=\"data-event\" data-label=\"Evento\"><a href=\"https:\/\/padelfem25r1.fapostolsantiago.org\/index.php\/event\/7282\/\"> 26 &#8211; ISABEL S.(47687) \/MAR\u00cdA JES\u00daS S.(47841) vs 30 - LAURA G.(96703) \/ROC\u00cdO B.(42045)<\/a><\/td><td class=\"data-league\" data-label=\"Liga\">Grupo 03<\/td><td class=\"data-season\" data-label=\"temporada\">Ronda 1<\/td><td style=\"display:none;\" class=\"data-venue\" data-label=\"estadio\" itemprop=\"location\" itemscope itemtype=\"http:\/\/schema.org\/Place\"><div itemprop=\"address\" itemscope itemtype=\"http:\/\/schema.org\/PostalAddress\">N\/A<\/div><\/td><td class=\"data-article\" data-label=\"art\u00edculo\"><a href=\"https:\/\/padelfem25r1.fapostolsantiago.org\/index.php\/event\/7282\/\" itemprop=\"url\">Resumen<\/a><\/td><\/tr>\t\t\t<\/tbody>\n\t\t<\/table>\n\t<\/div>\n\t<\/div>\n<\/div>\n","protected":false},"excerpt":{"rendered":"","protected":false},"author":1,"featured_media":0,"parent":90,"menu_order":0,"comment_status":"closed","ping_status":"closed","template":"","meta":{"footnotes":""},"class_list":["post-1313","page","type-page","status-publish","hentry"],"_links":{"self":[{"href":"https:\/\/padelfem25r1.fapostolsantiago.org\/index.php\/wp-json\/wp\/v2\/pages\/1313","targetHints":{"allow":["GET"]}}],"collection":[{"href":"https:\/\/padelfem25r1.fapostolsantiago.org\/index.php\/wp-json\/wp\/v2\/pages"}],"about":[{"href":"https:\/\/padelfem25r1.fapostolsantiago.org\/index.php\/wp-json\/wp\/v2\/types\/page"}],"author":[{"embeddable":true,"href":"https:\/\/padelfem25r1.fapostolsantiago.org\/index.php\/wp-json\/wp\/v2\/users\/1"}],"replies":[{"embeddable":true,"href":"https:\/\/padelfem25r1.fapostolsantiago.org\/index.php\/wp-json\/wp\/v2\/comments?post=1313"}],"version-history":[{"count":4,"href":"https:\/\/padelfem25r1.fapostolsantiago.org\/index.php\/wp-json\/wp\/v2\/pages\/1313\/revisions"}],"predecessor-version":[{"id":4076,"href":"https:\/\/padelfem25r1.fapostolsantiago.org\/index.php\/wp-json\/wp\/v2\/pages\/1313\/revisions\/4076"}],"up":[{"embeddable":true,"href":"https:\/\/padelfem25r1.fapostolsantiago.org\/index.php\/wp-json\/wp\/v2\/pages\/90"}],"wp:attachment":[{"href":"https:\/\/padelfem25r1.fapostolsantiago.org\/index.php\/wp-json\/wp\/v2\/media?parent=1313"}],"curies":[{"name":"wp","href":"https:\/\/api.w.org\/{rel}","templated":true}]}}